{"id":6,"date":"2021-09-03T16:37:22","date_gmt":"2021-09-03T16:37:22","guid":{"rendered":"https:\/\/www.scdamistad.es\/?page_id=6"},"modified":"2021-09-07T12:31:12","modified_gmt":"2021-09-07T12:31:12","slug":"acerca-de","status":"publish","type":"page","link":"https:\/\/www.scdamistad.es\/index.php\/acerca-de\/","title":{"rendered":"Liga Amistad F\u00fatbol 11"},"content":{"rendered":"\n<p>Nesta p\u00e1xina atopar\u00e1s a informaci\u00f3n sobre a Liga de F\u00fatbol 11 do Torneo Amistad<\/p>\n","protected":false},"excerpt":{"rendered":"<p>Nesta p\u00e1xina atopar\u00e1s a informaci\u00f3n sobre a Liga de F\u00fatbol 11 do Torneo Amistad<\/p>\n","protected":false},"author":1,"featured_media":0,"parent":0,"menu_order":0,"comment_status":"closed","ping_status":"closed","template":"","meta":{"footnotes":""},"class_list":["post-6","page","type-page","status-publish","hentry"],"yoast_head":"<!-- This site is optimized with the Yoast SEO plugin v17.7.1 - https:\/\/yoast.com\/wordpress\/plugins\/seo\/ -->\n<title>Liga Amistad F\u00fatbol 11 &bull; SCD AMISTAD<\/title>\n<meta name=\"robots\" content=\"index, follow, max-snippet:-1, max-image-preview:large, max-video-preview:-1\" \/>\n<link rel=\"canonical\" href=\"https:\/\/www.scdamistad.es\/index.php\/acerca-de\/\" \/>\n<meta property=\"og:locale\" content=\"es_ES\" \/>\n<meta property=\"og:type\" content=\"article\" \/>\n<meta property=\"og:title\" content=\"Liga Amistad F\u00fatbol 11 &bull; SCD AMISTAD\" \/>\n<meta property=\"og:description\" content=\"Nesta p\u00e1xina atopar\u00e1s a informaci\u00f3n sobre a Liga de F\u00fatbol 11 do Torneo Amistad\" \/>\n<meta property=\"og:url\" content=\"https:\/\/www.scdamistad.es\/index.php\/acerca-de\/\" \/>\n<meta property=\"og:site_name\" content=\"SCD AMISTAD\" \/>\n<meta property=\"article:modified_time\" content=\"2021-09-07T12:31:12+00:00\" \/>\n<meta name=\"twitter:card\" content=\"summary_large_image\" \/>\n<script type=\"application\/ld+json\" class=\"yoast-schema-graph\">{\"@context\":\"https:\/\/schema.org\",\"@graph\":[{\"@type\":\"Organization\",\"@id\":\"https:\/\/www.scdamistad.es\/#organization\",\"name\":\"SCD Amistad\",\"url\":\"https:\/\/www.scdamistad.es\/\",\"sameAs\":[],\"logo\":{\"@type\":\"ImageObject\",\"@id\":\"https:\/\/www.scdamistad.es\/#logo\",\"inLanguage\":\"es\",\"url\":\"https:\/\/www.scdamistad.es\/wp-content\/uploads\/2021\/09\/cropped-cropped-cropped-Sen-titulo-2-1024x1024.png\",\"contentUrl\":\"https:\/\/www.scdamistad.es\/wp-content\/uploads\/2021\/09\/cropped-cropped-cropped-Sen-titulo-2-1024x1024.png\",\"width\":1024,\"height\":1024,\"caption\":\"SCD Amistad\"},\"image\":{\"@id\":\"https:\/\/www.scdamistad.es\/#logo\"}},{\"@type\":\"WebSite\",\"@id\":\"https:\/\/www.scdamistad.es\/#website\",\"url\":\"https:\/\/www.scdamistad.es\/\",\"name\":\"SCD AMISTAD\",\"description\":\"Sede 2021-2022: La Praderita; Manuel de Castro, 16 (Vigo). Telf:  670 93 81 20\",\"publisher\":{\"@id\":\"https:\/\/www.scdamistad.es\/#organization\"},\"potentialAction\":[{\"@type\":\"SearchAction\",\"target\":{\"@type\":\"EntryPoint\",\"urlTemplate\":\"https:\/\/www.scdamistad.es\/?s={search_term_string}\"},\"query-input\":\"required name=search_term_string\"}],\"inLanguage\":\"es\"},{\"@type\":\"WebPage\",\"@id\":\"https:\/\/www.scdamistad.es\/index.php\/acerca-de\/#webpage\",\"url\":\"https:\/\/www.scdamistad.es\/index.php\/acerca-de\/\",\"name\":\"Liga Amistad F\\u00fatbol 11 &bull; SCD AMISTAD\",\"isPartOf\":{\"@id\":\"https:\/\/www.scdamistad.es\/#website\"},\"datePublished\":\"2021-09-03T16:37:22+00:00\",\"dateModified\":\"2021-09-07T12:31:12+00:00\",\"breadcrumb\":{\"@id\":\"https:\/\/www.scdamistad.es\/index.php\/acerca-de\/#breadcrumb\"},\"inLanguage\":\"es\",\"potentialAction\":[{\"@type\":\"ReadAction\",\"target\":[\"https:\/\/www.scdamistad.es\/index.php\/acerca-de\/\"]}]},{\"@type\":\"BreadcrumbList\",\"@id\":\"https:\/\/www.scdamistad.es\/index.php\/acerca-de\/#breadcrumb\",\"itemListElement\":[{\"@type\":\"ListItem\",\"position\":1,\"name\":\"Portada\",\"item\":\"https:\/\/www.scdamistad.es\/\"},{\"@type\":\"ListItem\",\"position\":2,\"name\":\"Liga Amistad F\\u00fatbol 11\"}]}]}<\/script>\n<!-- \/ Yoast SEO plugin. -->","yoast_head_json":{"title":"Liga Amistad F\u00fatbol 11 &bull; SCD AMISTAD","robots":{"index":"index","follow":"follow","max-snippet":"max-snippet:-1","max-image-preview":"max-image-preview:large","max-video-preview":"max-video-preview:-1"},"canonical":"https:\/\/www.scdamistad.es\/index.php\/acerca-de\/","og_locale":"es_ES","og_type":"article","og_title":"Liga Amistad F\u00fatbol 11 &bull; SCD AMISTAD","og_description":"Nesta p\u00e1xina atopar\u00e1s a informaci\u00f3n sobre a Liga de F\u00fatbol 11 do Torneo Amistad","og_url":"https:\/\/www.scdamistad.es\/index.php\/acerca-de\/","og_site_name":"SCD AMISTAD","article_modified_time":"2021-09-07T12:31:12+00:00","twitter_card":"summary_large_image","schema":{"@context":"https:\/\/schema.org","@graph":[{"@type":"Organization","@id":"https:\/\/www.scdamistad.es\/#organization","name":"SCD Amistad","url":"https:\/\/www.scdamistad.es\/","sameAs":[],"logo":{"@type":"ImageObject","@id":"https:\/\/www.scdamistad.es\/#logo","inLanguage":"es","url":"https:\/\/www.scdamistad.es\/wp-content\/uploads\/2021\/09\/cropped-cropped-cropped-Sen-titulo-2-1024x1024.png","contentUrl":"https:\/\/www.scdamistad.es\/wp-content\/uploads\/2021\/09\/cropped-cropped-cropped-Sen-titulo-2-1024x1024.png","width":1024,"height":1024,"caption":"SCD Amistad"},"image":{"@id":"https:\/\/www.scdamistad.es\/#logo"}},{"@type":"WebSite","@id":"https:\/\/www.scdamistad.es\/#website","url":"https:\/\/www.scdamistad.es\/","name":"SCD AMISTAD","description":"Sede 2021-2022: La Praderita; Manuel de Castro, 16 (Vigo). Telf:  670 93 81 20","publisher":{"@id":"https:\/\/www.scdamistad.es\/#organization"},"potentialAction":[{"@type":"SearchAction","target":{"@type":"EntryPoint","urlTemplate":"https:\/\/www.scdamistad.es\/?s={search_term_string}"},"query-input":"required name=search_term_string"}],"inLanguage":"es"},{"@type":"WebPage","@id":"https:\/\/www.scdamistad.es\/index.php\/acerca-de\/#webpage","url":"https:\/\/www.scdamistad.es\/index.php\/acerca-de\/","name":"Liga Amistad F\u00fatbol 11 &bull; SCD AMISTAD","isPartOf":{"@id":"https:\/\/www.scdamistad.es\/#website"},"datePublished":"2021-09-03T16:37:22+00:00","dateModified":"2021-09-07T12:31:12+00:00","breadcrumb":{"@id":"https:\/\/www.scdamistad.es\/index.php\/acerca-de\/#breadcrumb"},"inLanguage":"es","potentialAction":[{"@type":"ReadAction","target":["https:\/\/www.scdamistad.es\/index.php\/acerca-de\/"]}]},{"@type":"BreadcrumbList","@id":"https:\/\/www.scdamistad.es\/index.php\/acerca-de\/#breadcrumb","itemListElement":[{"@type":"ListItem","position":1,"name":"Portada","item":"https:\/\/www.scdamistad.es\/"},{"@type":"ListItem","position":2,"name":"Liga Amistad F\u00fatbol 11"}]}]}},"_links":{"self":[{"href":"https:\/\/www.scdamistad.es\/index.php\/wp-json\/wp\/v2\/pages\/6","targetHints":{"allow":["GET"]}}],"collection":[{"href":"https:\/\/www.scdamistad.es\/index.php\/wp-json\/wp\/v2\/pages"}],"about":[{"href":"https:\/\/www.scdamistad.es\/index.php\/wp-json\/wp\/v2\/types\/page"}],"author":[{"embeddable":true,"href":"https:\/\/www.scdamistad.es\/index.php\/wp-json\/wp\/v2\/users\/1"}],"replies":[{"embeddable":true,"href":"https:\/\/www.scdamistad.es\/index.php\/wp-json\/wp\/v2\/comments?post=6"}],"version-history":[{"count":3,"href":"https:\/\/www.scdamistad.es\/index.php\/wp-json\/wp\/v2\/pages\/6\/revisions"}],"predecessor-version":[{"id":112,"href":"https:\/\/www.scdamistad.es\/index.php\/wp-json\/wp\/v2\/pages\/6\/revisions\/112"}],"wp:attachment":[{"href":"https:\/\/www.scdamistad.es\/index.php\/wp-json\/wp\/v2\/media?parent=6"}],"curies":[{"name":"wp","href":"https:\/\/api.w.org\/{rel}","templated":true}]}}