{"id":7,"date":"2021-09-03T16:37:22","date_gmt":"2021-09-03T16:37:22","guid":{"rendered":"https:\/\/www.scdamistad.es\/?page_id=7"},"modified":"2021-09-07T12:38:33","modified_gmt":"2021-09-07T12:38:33","slug":"contacto","status":"publish","type":"page","link":"https:\/\/www.scdamistad.es\/index.php\/contacto\/","title":{"rendered":"Contacto"},"content":{"rendered":"\n<p>Para inscrici\u00f3ns e m\u00e1is informaci\u00f3n hai que chamar ao n\u00famero: <strong>670 93 81 20<\/strong> ou mandar un correo ao enderezo electr\u00f3nico: <a href=\"mailto:scdamistad@gmail.com\">scdamistad@gmail.com<\/a><\/p>\n\n\n\n<p>Sede oficial 2021-2022:&nbsp;<a href=\"https:\/\/lapraderitavigo.negocio.site\/\">La Praderita<\/a>; R\u00faa Manuel de Castro, 16, 36210 Vigo, Pontevedra;<\/p>\n\n\n\n<figure class=\"wp-block-gallery columns-1 is-cropped wp-block-gallery-1 is-layout-flex wp-block-gallery-is-layout-flex\"><ul class=\"blocks-gallery-grid\"><li class=\"blocks-gallery-item\"><figure><img loading=\"lazy\" decoding=\"async\" width=\"1024\" height=\"576\" src=\"https:\/\/www.scdamistad.es\/wp-content\/uploads\/2021\/09\/praderita-1-1024x576.png\" alt=\"\" data-id=\"126\" data-full-url=\"https:\/\/www.scdamistad.es\/wp-content\/uploads\/2021\/09\/praderita-1.png\" data-link=\"https:\/\/www.scdamistad.es\/index.php\/contacto\/praderita-1\/\" class=\"wp-image-126\" srcset=\"https:\/\/www.scdamistad.es\/wp-content\/uploads\/2021\/09\/praderita-1-1024x576.png 1024w, https:\/\/www.scdamistad.es\/wp-content\/uploads\/2021\/09\/praderita-1-300x169.png 300w, https:\/\/www.scdamistad.es\/wp-content\/uploads\/2021\/09\/praderita-1-768x432.png 768w, https:\/\/www.scdamistad.es\/wp-content\/uploads\/2021\/09\/praderita-1.png 1080w\" sizes=\"auto, (max-width: 1024px) 100vw, 1024px\" \/><\/figure><\/li><\/ul><\/figure>\n","protected":false},"excerpt":{"rendered":"<p>Para inscrici\u00f3ns e m\u00e1is informaci\u00f3n hai que chamar ao n\u00famero: 670 93 81 20 ou&#8230;<\/p>\n","protected":false},"author":1,"featured_media":0,"parent":0,"menu_order":0,"comment_status":"closed","ping_status":"closed","template":"","meta":{"footnotes":""},"class_list":["post-7","page","type-page","status-publish","hentry"],"yoast_head":"<!-- This site is optimized with the Yoast SEO plugin v17.7.1 - https:\/\/yoast.com\/wordpress\/plugins\/seo\/ -->\n<title>Contacto &bull; SCD AMISTAD<\/title>\n<meta name=\"robots\" content=\"index, follow, max-snippet:-1, max-image-preview:large, max-video-preview:-1\" \/>\n<link rel=\"canonical\" href=\"https:\/\/www.scdamistad.es\/index.php\/contacto\/\" \/>\n<meta property=\"og:locale\" content=\"es_ES\" \/>\n<meta property=\"og:type\" content=\"article\" \/>\n<meta property=\"og:title\" content=\"Contacto &bull; SCD AMISTAD\" \/>\n<meta property=\"og:description\" content=\"Para inscrici\u00f3ns e m\u00e1is informaci\u00f3n hai que chamar ao n\u00famero: 670 93 81 20 ou...\" \/>\n<meta property=\"og:url\" content=\"https:\/\/www.scdamistad.es\/index.php\/contacto\/\" \/>\n<meta property=\"og:site_name\" content=\"SCD AMISTAD\" \/>\n<meta property=\"article:modified_time\" content=\"2021-09-07T12:38:33+00:00\" \/>\n<meta property=\"og:image\" content=\"https:\/\/www.scdamistad.es\/wp-content\/uploads\/2021\/09\/praderita-1-1024x576.png\" \/>\n<meta name=\"twitter:card\" content=\"summary_large_image\" \/>\n<script type=\"application\/ld+json\" class=\"yoast-schema-graph\">{\"@context\":\"https:\/\/schema.org\",\"@graph\":[{\"@type\":\"Organization\",\"@id\":\"https:\/\/www.scdamistad.es\/#organization\",\"name\":\"SCD Amistad\",\"url\":\"https:\/\/www.scdamistad.es\/\",\"sameAs\":[],\"logo\":{\"@type\":\"ImageObject\",\"@id\":\"https:\/\/www.scdamistad.es\/#logo\",\"inLanguage\":\"es\",\"url\":\"https:\/\/www.scdamistad.es\/wp-content\/uploads\/2021\/09\/cropped-cropped-cropped-Sen-titulo-2-1024x1024.png\",\"contentUrl\":\"https:\/\/www.scdamistad.es\/wp-content\/uploads\/2021\/09\/cropped-cropped-cropped-Sen-titulo-2-1024x1024.png\",\"width\":1024,\"height\":1024,\"caption\":\"SCD Amistad\"},\"image\":{\"@id\":\"https:\/\/www.scdamistad.es\/#logo\"}},{\"@type\":\"WebSite\",\"@id\":\"https:\/\/www.scdamistad.es\/#website\",\"url\":\"https:\/\/www.scdamistad.es\/\",\"name\":\"SCD AMISTAD\",\"description\":\"Sede 2021-2022: La Praderita; Manuel de Castro, 16 (Vigo). Telf:  670 93 81 20\",\"publisher\":{\"@id\":\"https:\/\/www.scdamistad.es\/#organization\"},\"potentialAction\":[{\"@type\":\"SearchAction\",\"target\":{\"@type\":\"EntryPoint\",\"urlTemplate\":\"https:\/\/www.scdamistad.es\/?s={search_term_string}\"},\"query-input\":\"required name=search_term_string\"}],\"inLanguage\":\"es\"},{\"@type\":\"ImageObject\",\"@id\":\"https:\/\/www.scdamistad.es\/index.php\/contacto\/#primaryimage\",\"inLanguage\":\"es\",\"url\":\"https:\/\/www.scdamistad.es\/wp-content\/uploads\/2021\/09\/praderita-1.png\",\"contentUrl\":\"https:\/\/www.scdamistad.es\/wp-content\/uploads\/2021\/09\/praderita-1.png\",\"width\":1080,\"height\":608},{\"@type\":\"WebPage\",\"@id\":\"https:\/\/www.scdamistad.es\/index.php\/contacto\/#webpage\",\"url\":\"https:\/\/www.scdamistad.es\/index.php\/contacto\/\",\"name\":\"Contacto &bull; SCD AMISTAD\",\"isPartOf\":{\"@id\":\"https:\/\/www.scdamistad.es\/#website\"},\"primaryImageOfPage\":{\"@id\":\"https:\/\/www.scdamistad.es\/index.php\/contacto\/#primaryimage\"},\"datePublished\":\"2021-09-03T16:37:22+00:00\",\"dateModified\":\"2021-09-07T12:38:33+00:00\",\"breadcrumb\":{\"@id\":\"https:\/\/www.scdamistad.es\/index.php\/contacto\/#breadcrumb\"},\"inLanguage\":\"es\",\"potentialAction\":[{\"@type\":\"ReadAction\",\"target\":[\"https:\/\/www.scdamistad.es\/index.php\/contacto\/\"]}]},{\"@type\":\"BreadcrumbList\",\"@id\":\"https:\/\/www.scdamistad.es\/index.php\/contacto\/#breadcrumb\",\"itemListElement\":[{\"@type\":\"ListItem\",\"position\":1,\"name\":\"Portada\",\"item\":\"https:\/\/www.scdamistad.es\/\"},{\"@type\":\"ListItem\",\"position\":2,\"name\":\"Contacto\"}]}]}<\/script>\n<!-- \/ Yoast SEO plugin. -->","yoast_head_json":{"title":"Contacto &bull; SCD AMISTAD","robots":{"index":"index","follow":"follow","max-snippet":"max-snippet:-1","max-image-preview":"max-image-preview:large","max-video-preview":"max-video-preview:-1"},"canonical":"https:\/\/www.scdamistad.es\/index.php\/contacto\/","og_locale":"es_ES","og_type":"article","og_title":"Contacto &bull; SCD AMISTAD","og_description":"Para inscrici\u00f3ns e m\u00e1is informaci\u00f3n hai que chamar ao n\u00famero: 670 93 81 20 ou...","og_url":"https:\/\/www.scdamistad.es\/index.php\/contacto\/","og_site_name":"SCD AMISTAD","article_modified_time":"2021-09-07T12:38:33+00:00","og_image":[{"url":"https:\/\/www.scdamistad.es\/wp-content\/uploads\/2021\/09\/praderita-1-1024x576.png"}],"twitter_card":"summary_large_image","schema":{"@context":"https:\/\/schema.org","@graph":[{"@type":"Organization","@id":"https:\/\/www.scdamistad.es\/#organization","name":"SCD Amistad","url":"https:\/\/www.scdamistad.es\/","sameAs":[],"logo":{"@type":"ImageObject","@id":"https:\/\/www.scdamistad.es\/#logo","inLanguage":"es","url":"https:\/\/www.scdamistad.es\/wp-content\/uploads\/2021\/09\/cropped-cropped-cropped-Sen-titulo-2-1024x1024.png","contentUrl":"https:\/\/www.scdamistad.es\/wp-content\/uploads\/2021\/09\/cropped-cropped-cropped-Sen-titulo-2-1024x1024.png","width":1024,"height":1024,"caption":"SCD Amistad"},"image":{"@id":"https:\/\/www.scdamistad.es\/#logo"}},{"@type":"WebSite","@id":"https:\/\/www.scdamistad.es\/#website","url":"https:\/\/www.scdamistad.es\/","name":"SCD AMISTAD","description":"Sede 2021-2022: La Praderita; Manuel de Castro, 16 (Vigo). Telf:  670 93 81 20","publisher":{"@id":"https:\/\/www.scdamistad.es\/#organization"},"potentialAction":[{"@type":"SearchAction","target":{"@type":"EntryPoint","urlTemplate":"https:\/\/www.scdamistad.es\/?s={search_term_string}"},"query-input":"required name=search_term_string"}],"inLanguage":"es"},{"@type":"ImageObject","@id":"https:\/\/www.scdamistad.es\/index.php\/contacto\/#primaryimage","inLanguage":"es","url":"https:\/\/www.scdamistad.es\/wp-content\/uploads\/2021\/09\/praderita-1.png","contentUrl":"https:\/\/www.scdamistad.es\/wp-content\/uploads\/2021\/09\/praderita-1.png","width":1080,"height":608},{"@type":"WebPage","@id":"https:\/\/www.scdamistad.es\/index.php\/contacto\/#webpage","url":"https:\/\/www.scdamistad.es\/index.php\/contacto\/","name":"Contacto &bull; SCD AMISTAD","isPartOf":{"@id":"https:\/\/www.scdamistad.es\/#website"},"primaryImageOfPage":{"@id":"https:\/\/www.scdamistad.es\/index.php\/contacto\/#primaryimage"},"datePublished":"2021-09-03T16:37:22+00:00","dateModified":"2021-09-07T12:38:33+00:00","breadcrumb":{"@id":"https:\/\/www.scdamistad.es\/index.php\/contacto\/#breadcrumb"},"inLanguage":"es","potentialAction":[{"@type":"ReadAction","target":["https:\/\/www.scdamistad.es\/index.php\/contacto\/"]}]},{"@type":"BreadcrumbList","@id":"https:\/\/www.scdamistad.es\/index.php\/contacto\/#breadcrumb","itemListElement":[{"@type":"ListItem","position":1,"name":"Portada","item":"https:\/\/www.scdamistad.es\/"},{"@type":"ListItem","position":2,"name":"Contacto"}]}]}},"_links":{"self":[{"href":"https:\/\/www.scdamistad.es\/index.php\/wp-json\/wp\/v2\/pages\/7","targetHints":{"allow":["GET"]}}],"collection":[{"href":"https:\/\/www.scdamistad.es\/index.php\/wp-json\/wp\/v2\/pages"}],"about":[{"href":"https:\/\/www.scdamistad.es\/index.php\/wp-json\/wp\/v2\/types\/page"}],"author":[{"embeddable":true,"href":"https:\/\/www.scdamistad.es\/index.php\/wp-json\/wp\/v2\/users\/1"}],"replies":[{"embeddable":true,"href":"https:\/\/www.scdamistad.es\/index.php\/wp-json\/wp\/v2\/comments?post=7"}],"version-history":[{"count":5,"href":"https:\/\/www.scdamistad.es\/index.php\/wp-json\/wp\/v2\/pages\/7\/revisions"}],"predecessor-version":[{"id":128,"href":"https:\/\/www.scdamistad.es\/index.php\/wp-json\/wp\/v2\/pages\/7\/revisions\/128"}],"wp:attachment":[{"href":"https:\/\/www.scdamistad.es\/index.php\/wp-json\/wp\/v2\/media?parent=7"}],"curies":[{"name":"wp","href":"https:\/\/api.w.org\/{rel}","templated":true}]}}